{"id":753,"date":"2023-11-17T11:36:16","date_gmt":"2023-11-17T10:36:16","guid":{"rendered":"https:\/\/quarten-tourismus.ch\/impressum\/"},"modified":"2024-11-13T11:27:26","modified_gmt":"2024-11-13T10:27:26","slug":"imprint","status":"publish","type":"page","link":"https:\/\/quarten-tourismus.ch\/en\/imprint\/","title":{"rendered":"Imprint"},"content":{"rendered":"<section class=\"l-section wpb_row height_large full_height valign_center width_full color_primary with_img parallax_fixed\"><div class=\"l-section-img\" role=\"img\" data-img-width=\"2400\" data-img-height=\"1600\" style=\"background-image: url(https:\/\/quarten-tourismus.ch\/wp-content\/uploads\/2023\/11\/Hafen-UT-2.webp);\"><\/div><div class=\"l-section-overlay\" style=\"background:rgba(26,26,26,0.20)\"><\/div><div class=\"l-section-h i-cf\"><div class=\"g-cols vc_row via_grid cols_1 laptops-cols_inherit tablets-cols_inherit mobiles-cols_1 valign_top type_default stacking_default\"><div class=\"wpb_column vc_column_container\"><div class=\"vc_column-inner\">[vc_custom_heading source=&#8221;post_title&#8221; font_container=&#8221;tag:h1|text_align:center&#8221; use_theme_fonts=&#8221;yes&#8221; css=&#8221;%7B%22default%22%3A%7B%22margin-bottom%22%3A%22-2px%22%7D%7D&#8221;]<div class=\"g-cols wpb_row via_grid cols_1-2-1 laptops-cols_inherit tablets-cols_inherit mobiles-cols_1 valign_top type_default stacking_default\" style=\"--gap:3rem;\"><div class=\"wpb_column vc_column_container\"><div class=\"vc_column-inner\"><\/div><\/div><div class=\"wpb_column vc_column_container\"><div class=\"vc_column-inner\"><div class=\"w-separator size_small\"><\/div><div class=\"w-iconbox iconpos_top style_default color_custom align_center no_text no_title\"><a href=\"#main\" class=\"w-iconbox-link\" aria-label=\"fal|chevron-down\"><div class=\"w-iconbox-icon\" style=\"font-size:2rem;--icon-color:var(--color-header-middle-bg);\"><i class=\"fal fa-chevron-down\"><\/i><\/div><\/a><div class=\"w-iconbox-meta\"><\/div><\/div><\/div><\/div><div class=\"wpb_column vc_column_container\"><div class=\"vc_column-inner\"><\/div><\/div><\/div><\/div><\/div><\/div><\/div><\/section><section class=\"l-section wpb_row height_large\" id=\"main\"><div class=\"l-section-h i-cf\"><div class=\"g-cols vc_row via_grid cols_1 laptops-cols_inherit tablets-cols_inherit mobiles-cols_1 valign_top type_default stacking_default\"><div class=\"wpb_column vc_column_container\"><div class=\"vc_column-inner\"><div class=\"wpb_text_column\"><div class=\"wpb_wrapper\"><p style=\"text-align: center;\"><strong>Contact address<\/strong><\/p>\n<p style=\"text-align: center;\">Quarten Tourismus<br \/>\nWalenseestrasse 18<br \/>\n8882 Unterterzen<\/p>\n<p style=\"text-align: center;\">+41 81 720 18 18<br \/>\ninfo@quarten-tourismus.ch<\/p>\n<p style=\"text-align: center;\"><strong>Responsible for the content<\/strong><\/p>\n<p style=\"text-align: center;\">Quarten Tourismus<br \/>\nWalenseestrasse 18<br \/>\n8882 Unterterzen<\/p>\n<p style=\"text-align: center;\">+41 81 720 18 18<br \/>\ninfo@quarten-tourismus.ch<\/p>\n<p style=\"text-align: center;\"><strong>Technical implementation<\/strong><\/p>\n<p style=\"text-align: center;\">FABO communication AG<br \/>\nRheinstrasse 22<br \/>\n7320 Sargans<\/p>\n<p style=\"text-align: center;\">081 710 44 48<br \/>\nmail@fabo.ch<\/p>\n<p style=\"text-align: center;\"><strong>Design<\/strong><\/p>\n<p style=\"text-align: center;\">FABO communication AG<br \/>\nRheinstrasse 22<br \/>\n7320 Sargans<\/p>\n<p style=\"text-align: center;\">081 710 44 48<br \/>\nmail@fabo.ch<\/p>\n<p style=\"text-align: center;\"><strong>Copyright<\/strong><\/p>\n<p style=\"text-align: center;\">The entire content of the website quarten-tourismus.ch is protected by copyright. The copyright belongs to quarten-tourismus.ch. The elements on the website are freely accessible for browsing purposes only. Any kind of distribution, reproduction, processing and exploitation of this material (including parts thereof) outside the limits of copyright law requires the prior written consent of the author. The distribution and reproduction of this material (including parts thereof) in printed or electronic form within the limits of copyright law is only permitted with the express mention of the author by name.<\/p>\n<p style=\"text-align: center;\">Downloading or copying content, images, photos or other files does not transfer any rights to the content. The names and logos used are registered and therefore protected trademarks, which is why there is no right to use the images, names and logos. quarten-tourismus.ch reserves all rights to the entire content of the website, with the exception of third-party rights.<\/p>\n<\/div><\/div><\/div><\/div><\/div><\/div><\/section><section class=\"l-section wpb_row height_large\"><div class=\"l-section-h i-cf\"><div class=\"g-cols vc_row via_grid cols_1 laptops-cols_inherit tablets-cols_inherit mobiles-cols_1 valign_top type_default stacking_default\"><div class=\"wpb_column vc_column_container\"><div class=\"vc_column-inner\"><\/div><\/div><\/div><\/div><\/section>\n","protected":false},"excerpt":{"rendered":"[vc_custom_heading source=\"post_title\" font_container=\"tag:h1|text_align:center\" use_theme_fonts=\"yes\" css=\"%7B%22default%22%3A%7B%22margin-bottom%22%3A%22-2px%22%7D%7D\"]Contact address Quarten Tourismus Walenseestrasse 18 8882 Unterterzen +41 81 720 18 18 info@quarten-tourismus.ch Responsible for the content Quarten Tourismus Walenseestrasse 18 8882 Unterterzen +41 81 720 18 18 info@quarten-tourismus.ch Technical implementation FABO communication AG Rheinstrasse 22 7320 Sargans 081 710 44 48 mail@fabo.ch Design FABO communication AG Rheinstrasse 22 7320...","protected":false},"author":1,"featured_media":679,"parent":0,"menu_order":0,"comment_status":"closed","ping_status":"closed","template":"","meta":{"footnotes":""},"class_list":["post-753","page","type-page","status-publish","has-post-thumbnail","hentry"],"yoast_head":"<!-- This site is optimized with the Yoast SEO plugin v23.8 - https:\/\/yoast.com\/wordpress\/plugins\/seo\/ -->\n<title>Imprint | Quarten Tourismus<\/title>\n<meta name=\"description\" content=\"Hier k\u00f6nnen Sie unser Impressum lesen. F\u00fcr weitere Informationen k\u00f6nnen Sie uns kontaktieren.\" \/>\n<meta name=\"robots\" content=\"index, follow, max-snippet:-1, max-image-preview:large, max-video-preview:-1\" \/>\n<link rel=\"canonical\" href=\"https:\/\/quarten-tourismus.ch\/en\/imprint\/\" \/>\n<meta property=\"og:locale\" content=\"en_US\" \/>\n<meta property=\"og:type\" content=\"article\" \/>\n<meta property=\"og:title\" content=\"Imprint | Quarten Tourismus\" \/>\n<meta property=\"og:description\" content=\"Hier k\u00f6nnen Sie unser Impressum lesen. F\u00fcr weitere Informationen k\u00f6nnen Sie uns kontaktieren.\" \/>\n<meta property=\"og:url\" content=\"https:\/\/quarten-tourismus.ch\/en\/imprint\/\" \/>\n<meta property=\"og:site_name\" content=\"Quarten Tourismus\" \/>\n<meta property=\"article:modified_time\" content=\"2024-11-13T10:27:26+00:00\" \/>\n<meta property=\"og:image\" content=\"https:\/\/quarten-tourismus.ch\/wp-content\/uploads\/2023\/11\/Hafen-UT-2.webp\" \/>\n\t<meta property=\"og:image:width\" content=\"2400\" \/>\n\t<meta property=\"og:image:height\" content=\"1600\" \/>\n\t<meta property=\"og:image:type\" content=\"image\/webp\" \/>\n<meta name=\"twitter:card\" content=\"summary_large_image\" \/>\n<meta name=\"twitter:label1\" content=\"Est. reading time\" \/>\n\t<meta name=\"twitter:data1\" content=\"2 minutes\" \/>\n<script type=\"application\/ld+json\" class=\"yoast-schema-graph\">{\"@context\":\"https:\/\/schema.org\",\"@graph\":[{\"@type\":\"WebPage\",\"@id\":\"https:\/\/quarten-tourismus.ch\/en\/imprint\/\",\"url\":\"https:\/\/quarten-tourismus.ch\/en\/imprint\/\",\"name\":\"Imprint | Quarten Tourismus\",\"isPartOf\":{\"@id\":\"https:\/\/quarten-tourismus.ch\/#website\"},\"primaryImageOfPage\":{\"@id\":\"https:\/\/quarten-tourismus.ch\/en\/imprint\/#primaryimage\"},\"image\":{\"@id\":\"https:\/\/quarten-tourismus.ch\/en\/imprint\/#primaryimage\"},\"thumbnailUrl\":\"https:\/\/quarten-tourismus.ch\/wp-content\/uploads\/2023\/11\/Hafen-UT-2.webp\",\"datePublished\":\"2023-11-17T10:36:16+00:00\",\"dateModified\":\"2024-11-13T10:27:26+00:00\",\"description\":\"Hier k\u00f6nnen Sie unser Impressum lesen. F\u00fcr weitere Informationen k\u00f6nnen Sie uns kontaktieren.\",\"breadcrumb\":{\"@id\":\"https:\/\/quarten-tourismus.ch\/en\/imprint\/#breadcrumb\"},\"inLanguage\":\"en-US\",\"potentialAction\":[{\"@type\":\"ReadAction\",\"target\":[\"https:\/\/quarten-tourismus.ch\/en\/imprint\/\"]}]},{\"@type\":\"ImageObject\",\"inLanguage\":\"en-US\",\"@id\":\"https:\/\/quarten-tourismus.ch\/en\/imprint\/#primaryimage\",\"url\":\"https:\/\/quarten-tourismus.ch\/wp-content\/uploads\/2023\/11\/Hafen-UT-2.webp\",\"contentUrl\":\"https:\/\/quarten-tourismus.ch\/wp-content\/uploads\/2023\/11\/Hafen-UT-2.webp\",\"width\":2400,\"height\":1600},{\"@type\":\"BreadcrumbList\",\"@id\":\"https:\/\/quarten-tourismus.ch\/en\/imprint\/#breadcrumb\",\"itemListElement\":[{\"@type\":\"ListItem\",\"position\":1,\"name\":\"Home\",\"item\":\"https:\/\/quarten-tourismus.ch\/en\/\"},{\"@type\":\"ListItem\",\"position\":2,\"name\":\"Imprint\"}]},{\"@type\":\"WebSite\",\"@id\":\"https:\/\/quarten-tourismus.ch\/#website\",\"url\":\"https:\/\/quarten-tourismus.ch\/\",\"name\":\"Quarten Tourismus\",\"description\":\"Die offizielle Seite von Quarten Tourismus\",\"publisher\":{\"@id\":\"https:\/\/quarten-tourismus.ch\/#organization\"},\"potentialAction\":[{\"@type\":\"SearchAction\",\"target\":{\"@type\":\"EntryPoint\",\"urlTemplate\":\"https:\/\/quarten-tourismus.ch\/?s={search_term_string}\"},\"query-input\":{\"@type\":\"PropertyValueSpecification\",\"valueRequired\":true,\"valueName\":\"search_term_string\"}}],\"inLanguage\":\"en-US\"},{\"@type\":\"Organization\",\"@id\":\"https:\/\/quarten-tourismus.ch\/#organization\",\"name\":\"Quarten Tourismus\",\"url\":\"https:\/\/quarten-tourismus.ch\/\",\"logo\":{\"@type\":\"ImageObject\",\"inLanguage\":\"en-US\",\"@id\":\"https:\/\/quarten-tourismus.ch\/#\/schema\/logo\/image\/\",\"url\":\"https:\/\/quarten-tourismus.ch\/wp-content\/uploads\/2023\/11\/quarten_tourismus_logo_cmyk.svg\",\"contentUrl\":\"https:\/\/quarten-tourismus.ch\/wp-content\/uploads\/2023\/11\/quarten_tourismus_logo_cmyk.svg\",\"width\":\"1024\",\"height\":\"1024\",\"caption\":\"Quarten Tourismus\"},\"image\":{\"@id\":\"https:\/\/quarten-tourismus.ch\/#\/schema\/logo\/image\/\"},\"sameAs\":[\"https:\/\/www.instagram.com\/quartentourismus\/\"]}]}<\/script>\n<!-- \/ Yoast SEO plugin. -->","yoast_head_json":{"title":"Imprint | Quarten Tourismus","description":"Hier k\u00f6nnen Sie unser Impressum lesen. F\u00fcr weitere Informationen k\u00f6nnen Sie uns kontaktieren.","robots":{"index":"index","follow":"follow","max-snippet":"max-snippet:-1","max-image-preview":"max-image-preview:large","max-video-preview":"max-video-preview:-1"},"canonical":"https:\/\/quarten-tourismus.ch\/en\/imprint\/","og_locale":"en_US","og_type":"article","og_title":"Imprint | Quarten Tourismus","og_description":"Hier k\u00f6nnen Sie unser Impressum lesen. F\u00fcr weitere Informationen k\u00f6nnen Sie uns kontaktieren.","og_url":"https:\/\/quarten-tourismus.ch\/en\/imprint\/","og_site_name":"Quarten Tourismus","article_modified_time":"2024-11-13T10:27:26+00:00","og_image":[{"width":2400,"height":1600,"url":"https:\/\/quarten-tourismus.ch\/wp-content\/uploads\/2023\/11\/Hafen-UT-2.webp","type":"image\/webp"}],"twitter_card":"summary_large_image","twitter_misc":{"Est. reading time":"2 minutes"},"schema":{"@context":"https:\/\/schema.org","@graph":[{"@type":"WebPage","@id":"https:\/\/quarten-tourismus.ch\/en\/imprint\/","url":"https:\/\/quarten-tourismus.ch\/en\/imprint\/","name":"Imprint | Quarten Tourismus","isPartOf":{"@id":"https:\/\/quarten-tourismus.ch\/#website"},"primaryImageOfPage":{"@id":"https:\/\/quarten-tourismus.ch\/en\/imprint\/#primaryimage"},"image":{"@id":"https:\/\/quarten-tourismus.ch\/en\/imprint\/#primaryimage"},"thumbnailUrl":"https:\/\/quarten-tourismus.ch\/wp-content\/uploads\/2023\/11\/Hafen-UT-2.webp","datePublished":"2023-11-17T10:36:16+00:00","dateModified":"2024-11-13T10:27:26+00:00","description":"Hier k\u00f6nnen Sie unser Impressum lesen. F\u00fcr weitere Informationen k\u00f6nnen Sie uns kontaktieren.","breadcrumb":{"@id":"https:\/\/quarten-tourismus.ch\/en\/imprint\/#breadcrumb"},"inLanguage":"en-US","potentialAction":[{"@type":"ReadAction","target":["https:\/\/quarten-tourismus.ch\/en\/imprint\/"]}]},{"@type":"ImageObject","inLanguage":"en-US","@id":"https:\/\/quarten-tourismus.ch\/en\/imprint\/#primaryimage","url":"https:\/\/quarten-tourismus.ch\/wp-content\/uploads\/2023\/11\/Hafen-UT-2.webp","contentUrl":"https:\/\/quarten-tourismus.ch\/wp-content\/uploads\/2023\/11\/Hafen-UT-2.webp","width":2400,"height":1600},{"@type":"BreadcrumbList","@id":"https:\/\/quarten-tourismus.ch\/en\/imprint\/#breadcrumb","itemListElement":[{"@type":"ListItem","position":1,"name":"Home","item":"https:\/\/quarten-tourismus.ch\/en\/"},{"@type":"ListItem","position":2,"name":"Imprint"}]},{"@type":"WebSite","@id":"https:\/\/quarten-tourismus.ch\/#website","url":"https:\/\/quarten-tourismus.ch\/","name":"Quarten Tourismus","description":"Die offizielle Seite von Quarten Tourismus","publisher":{"@id":"https:\/\/quarten-tourismus.ch\/#organization"},"potentialAction":[{"@type":"SearchAction","target":{"@type":"EntryPoint","urlTemplate":"https:\/\/quarten-tourismus.ch\/?s={search_term_string}"},"query-input":{"@type":"PropertyValueSpecification","valueRequired":true,"valueName":"search_term_string"}}],"inLanguage":"en-US"},{"@type":"Organization","@id":"https:\/\/quarten-tourismus.ch\/#organization","name":"Quarten Tourismus","url":"https:\/\/quarten-tourismus.ch\/","logo":{"@type":"ImageObject","inLanguage":"en-US","@id":"https:\/\/quarten-tourismus.ch\/#\/schema\/logo\/image\/","url":"https:\/\/quarten-tourismus.ch\/wp-content\/uploads\/2023\/11\/quarten_tourismus_logo_cmyk.svg","contentUrl":"https:\/\/quarten-tourismus.ch\/wp-content\/uploads\/2023\/11\/quarten_tourismus_logo_cmyk.svg","width":"1024","height":"1024","caption":"Quarten Tourismus"},"image":{"@id":"https:\/\/quarten-tourismus.ch\/#\/schema\/logo\/image\/"},"sameAs":["https:\/\/www.instagram.com\/quartentourismus\/"]}]}},"_links":{"self":[{"href":"https:\/\/quarten-tourismus.ch\/en\/wp-json\/wp\/v2\/pages\/753"}],"collection":[{"href":"https:\/\/quarten-tourismus.ch\/en\/wp-json\/wp\/v2\/pages"}],"about":[{"href":"https:\/\/quarten-tourismus.ch\/en\/wp-json\/wp\/v2\/types\/page"}],"author":[{"embeddable":true,"href":"https:\/\/quarten-tourismus.ch\/en\/wp-json\/wp\/v2\/users\/1"}],"replies":[{"embeddable":true,"href":"https:\/\/quarten-tourismus.ch\/en\/wp-json\/wp\/v2\/comments?post=753"}],"version-history":[{"count":2,"href":"https:\/\/quarten-tourismus.ch\/en\/wp-json\/wp\/v2\/pages\/753\/revisions"}],"predecessor-version":[{"id":755,"href":"https:\/\/quarten-tourismus.ch\/en\/wp-json\/wp\/v2\/pages\/753\/revisions\/755"}],"wp:featuredmedia":[{"embeddable":true,"href":"https:\/\/quarten-tourismus.ch\/en\/wp-json\/wp\/v2\/media\/679"}],"wp:attachment":[{"href":"https:\/\/quarten-tourismus.ch\/en\/wp-json\/wp\/v2\/media?parent=753"}],"curies":[{"name":"wp","href":"https:\/\/api.w.org\/{rel}","templated":true}]}}